{"id":99,"date":"2018-04-17T22:38:23","date_gmt":"2018-04-17T20:38:23","guid":{"rendered":"http:\/\/www.freizeitanlage.at\/?page_id=99"},"modified":"2024-08-30T13:20:19","modified_gmt":"2024-08-30T11:20:19","slug":"kontakt-2","status":"publish","type":"page","link":"https:\/\/www.freizeitanlage.at\/?page_id=99","title":{"rendered":"Kontakt"},"content":{"rendered":"<p>Kontaktieren Sie uns, wenn Sie mehr \u00fcber die Freizeitanlage St. Andr\u00e4er See erfahren m\u00f6chten.<\/p>\n<p><strong>Freizeitanlage St. Andr\u00e4er See<br \/>\n<\/strong>Bademeister &#8211; Badekasse<br \/>\nSt. Jakob 34, 9433 St. Andr\u00e4<br \/>\nTel.: +43 (0)4358\/2710 &#8211; 77<br \/>\nMobil: +43 (0)664\/60689-6439<br \/>\nE-Mail: <a href=\"mailto:office@freizeitanlage.at\">office@freizeitanlage.at<\/a><\/p>\n<p><strong>Betriebsleitung der Freizeitanlage St. Andr\u00e4er See<\/strong><br \/>\nErwin Klade &#8211; Betriebsleiter<br \/>\nSt. Andr\u00e4 100, 9433 St. Andr\u00e4<br \/>\nTel.: +43 (0)4358\/2710 &#8211; 56<br \/>\nMobil: +43 (0)664\/60689-6418<br \/>\nE-Mail:\u00a0<a href=\"mailto:ierwin.kladengrid.weinlaender@st-andrae.at\">erwin.klade@st-andrae.at<\/a><\/p>\n","protected":false},"excerpt":{"rendered":"","protected":false},"author":1,"featured_media":0,"parent":0,"menu_order":0,"comment_status":"closed","ping_status":"closed","template":"template-fullwidth.php","meta":{"footnotes":""},"class_list":["post-99","page","type-page","status-publish","hentry"],"_links":{"self":[{"href":"https:\/\/www.freizeitanlage.at\/index.php?rest_route=\/wp\/v2\/pages\/99","targetHints":{"allow":["GET"]}}],"collection":[{"href":"https:\/\/www.freizeitanlage.at\/index.php?rest_route=\/wp\/v2\/pages"}],"about":[{"href":"https:\/\/www.freizeitanlage.at\/index.php?rest_route=\/wp\/v2\/types\/page"}],"author":[{"embeddable":true,"href":"https:\/\/www.freizeitanlage.at\/index.php?rest_route=\/wp\/v2\/users\/1"}],"replies":[{"embeddable":true,"href":"https:\/\/www.freizeitanlage.at\/index.php?rest_route=%2Fwp%2Fv2%2Fcomments&post=99"}],"version-history":[{"count":9,"href":"https:\/\/www.freizeitanlage.at\/index.php?rest_route=\/wp\/v2\/pages\/99\/revisions"}],"predecessor-version":[{"id":1554,"href":"https:\/\/www.freizeitanlage.at\/index.php?rest_route=\/wp\/v2\/pages\/99\/revisions\/1554"}],"wp:attachment":[{"href":"https:\/\/www.freizeitanlage.at\/index.php?rest_route=%2Fwp%2Fv2%2Fmedia&parent=99"}],"curies":[{"name":"wp","href":"https:\/\/api.w.org\/{rel}","templated":true}]}}