{"id":81,"date":"2018-04-17T22:32:44","date_gmt":"2018-04-17T20:32:44","guid":{"rendered":"http:\/\/www.freizeitanlage.at\/?page_id=81"},"modified":"2025-07-23T19:47:36","modified_gmt":"2025-07-23T17:47:36","slug":"fischen","status":"publish","type":"page","link":"https:\/\/www.freizeitanlage.at\/?page_id=81","title":{"rendered":"Fischen"},"content":{"rendered":"<h2>Fischereiwirtschaft St. Andr\u00e4er See<\/h2>\n<p style=\"text-align: justify;\"><span style=\"font-size: 1.0625rem; text-align: justify;\"><img loading=\"lazy\" decoding=\"async\" class=\"wp-image-127 alignleft\" style=\"font-size: 1.0625rem;\" src=\"https:\/\/www.freizeitanlage.at\/wp-content\/uploads\/2018\/04\/Download-300x251.jpg\" alt=\"\" width=\"334\" height=\"279\" srcset=\"https:\/\/www.freizeitanlage.at\/wp-content\/uploads\/2018\/04\/Download-300x251.jpg 300w, https:\/\/www.freizeitanlage.at\/wp-content\/uploads\/2018\/04\/Download-768x642.jpg 768w, https:\/\/www.freizeitanlage.at\/wp-content\/uploads\/2018\/04\/Download-1024x856.jpg 1024w, https:\/\/www.freizeitanlage.at\/wp-content\/uploads\/2018\/04\/Download.jpg 1039w\" sizes=\"auto, (max-width: 334px) 100vw, 334px\" \/>Mit insgesamt 35.000 m\u00b2 Wasserfl\u00e4che bietet der St. Andr\u00e4er See e<\/span><span style=\"font-size: 1.0625rem; text-align: justify;\">xzellente Bedingungen f\u00fcr den anspruchsvollen Angelsport. Ob f\u00fcr Raub- oder Friedfischer &#8211; f\u00fcr jeden Geschmack wird etwas geboten. Durch einen j\u00e4hrlichen Nachbesatz von fangf\u00e4higen Fischen ist ein optimaler Bestand f\u00fcr den Fischfang garantiert.<br \/><\/span><strong style=\"font-size: 1.0625rem;\"><br \/>Fischbestand<br \/><\/strong><span style=\"font-size: 1.0625rem;\">Hecht, Zander, Waller, Schleien, Karpfen, St\u00f6r, Rotaugen, Rotfedern, Barsche und Aitel.<\/span><\/p>\n<div class=\"neos-contentcollection\">\n<div class=\"row typo3-neos-nodetypes-twocolumn\">\n<div class=\"col-sm-9\">\n<div class=\"neos-contentcollection\">\n<div class=\"typo3-neos-nodetypes-text\">\n<p style=\"text-align: justify;\"><strong>Fischzeiten<br \/><\/strong>Gefischt wird im Biotop und im See mit einer g\u00fcltigen Tages-. Nacht oder Jahreskarte, von Feber (wenn Eisfrei) bis Dezember (bis zur Eisbildung), t\u00e4glich von 0.00 Uhr \u2013 24.00 Uhr. Das Nachtfischen ist in der Zeit von 18:00 Uhr bis 06:00 Uhr morgens erlaubt. Im Biotop sind nach Anmeldung auch mehrere Tage m\u00f6glich.\u00a0<\/p>\n<p style=\"text-align: justify;\"><strong>Einschr\u00e4nkungen<br \/><\/strong>W\u00e4hrend des Badebetriebes (wird auf der Startseite bekanntgegeben) ist ein Fischen zwischen 06:00 und 21:00 Uhr nur im Biotop gestattet. Der Aufbau von Fischerzelten im Badebereich kann erst ab 21.00 Uhr erfolgen, der Abbau muss bis 06.00 Uhr wieder abgeschlossen sein. Bei Schlechtwetter oder geringen Badebesuch werden zeitliche und \u00f6rtliche Ausnahmen festgelegt, sofern dies den Badebetrieb nicht st\u00f6rt.<\/p>\n<p><strong>Kartenverkauf<br \/><\/strong>Ein Fischen ohne Fischereibewilligung\u00a0 ist verboten! <br \/>Es k\u00f6nnen auch Bewilligungen im Vorverkauf erworben werden.<br \/><strong><br \/><\/strong><em><strong>Feber &#8211; Mai und September &#8211; Dezember:<\/strong><br \/><\/em>MO bis DO von 08:00 bis15:30 Uhr an der Hauptkasse oder 04358 2710-77<br \/>FR von 08:00 bis 13:00 Uhr an der Hauptkasse oder 04358 2710-77<br \/>FR von 17:00 bis18:00 Uhr an der Hauptkasse<br \/>SA und SO von 09:00 bis 10:00 Uhr und 17:00 bis 18:00 Uhr an der Hauptkasse<\/p>\n<p><em><strong>Juni bis August :<\/strong><\/em><br \/>Mo &#8211; SO von 09:00 -19:00 Uhr an der Haupt- und Kioskkasse<\/p>\n<p>Sollten die Kassen nicht besetzt und auch kein Personal anwesend sein, gibt es noch die M\u00f6glichkeit \u00fcber eine SMS-Anmeldung eine Fischereibewilligung zu erhalten, eine Anleitung ist in den Kassenbereichen in der Freizeitanlage ersichtlich.<\/p>\n<p><strong>Preise pro Person mit max. 2 Angelruten<br \/><em>Tageskarte:<\/em><\/strong>\u00a0 von 0.00 Uhr \u2013 24.00 Uhr &#8211; \u20ac 17,&#8211;<br \/><em><strong>Nachtkarte:<\/strong><\/em>\u00a0 von 18.00 Uhr \u2013 06.00 Uhr &#8211; \u20ac 17,&#8211;<br \/><strong>Bonuskarte: <\/strong>nach 10 gekauften und eingetragenen Karten &#8211; \u20ac 0,-\u00a0<br \/><em><strong>Jahreskarte:<\/strong><\/em>\u00a0 (personenbezogen, limitierte St\u00fcckzahl) &#8211; \u20ac 350,&#8211;<\/p>\n<p><strong>Eine Steuerkarte (BH Karte) ist nicht erforderlich, die Fischereiordnung muss absolut eingehalten werden. Kinder unter 14 Jahre m\u00fcssen in Begleitung eines Ehrziehungsberechtigen sein. <br \/>Kontrollen von Aufsichtsorganen werden durchgef\u00fchrt!<\/strong><\/p>\n<p><span style=\"color: #000080;\"><a style=\"color: #000080;\" href=\"https:\/\/www.facebook.com\/fischenfza\"><em><strong>https:\/\/www.facebook.com\/fischenfza<\/strong><\/em><\/a><\/span><\/p>\n<\/div>\n<\/div>\n<\/div>\n<\/div>\n<\/div>\n\n\n<figure class=\"wp-block-gallery has-nested-images columns-default is-cropped wp-block-gallery-1 is-layout-flex wp-block-gallery-is-layout-flex\">\n<figure class=\"wp-block-image size-large\"><img loading=\"lazy\" decoding=\"async\" width=\"720\" height=\"450\" data-id=\"1272\" src=\"https:\/\/www.freizeitanlage.at\/wp-content\/uploads\/2022\/02\/Bild-5-1.jpg\" alt=\"\" class=\"wp-image-1272\" srcset=\"https:\/\/www.freizeitanlage.at\/wp-content\/uploads\/2022\/02\/Bild-5-1.jpg 720w, https:\/\/www.freizeitanlage.at\/wp-content\/uploads\/2022\/02\/Bild-5-1-300x188.jpg 300w\" sizes=\"auto, (max-width: 720px) 100vw, 720px\" \/><\/figure>\n\n\n\n<figure class=\"wp-block-image size-large\"><img loading=\"lazy\" decoding=\"async\" width=\"1440\" height=\"1080\" data-id=\"1273\" src=\"https:\/\/www.freizeitanlage.at\/wp-content\/uploads\/2022\/02\/Bild-6.jpg\" alt=\"\" class=\"wp-image-1273\" srcset=\"https:\/\/www.freizeitanlage.at\/wp-content\/uploads\/2022\/02\/Bild-6.jpg 1440w, https:\/\/www.freizeitanlage.at\/wp-content\/uploads\/2022\/02\/Bild-6-300x225.jpg 300w, https:\/\/www.freizeitanlage.at\/wp-content\/uploads\/2022\/02\/Bild-6-1024x768.jpg 1024w, https:\/\/www.freizeitanlage.at\/wp-content\/uploads\/2022\/02\/Bild-6-768x576.jpg 768w\" sizes=\"auto, (max-width: 1440px) 100vw, 1440px\" \/><\/figure>\n\n\n\n<figure class=\"wp-block-image size-large\"><img loading=\"lazy\" decoding=\"async\" width=\"1024\" height=\"497\" data-id=\"1276\" src=\"https:\/\/www.freizeitanlage.at\/wp-content\/uploads\/2022\/02\/1722de43-6946-420f-97dd-8beb07d44911-1024x497.jpg\" alt=\"\" class=\"wp-image-1276\" srcset=\"https:\/\/www.freizeitanlage.at\/wp-content\/uploads\/2022\/02\/1722de43-6946-420f-97dd-8beb07d44911-1024x497.jpg 1024w, https:\/\/www.freizeitanlage.at\/wp-content\/uploads\/2022\/02\/1722de43-6946-420f-97dd-8beb07d44911-300x146.jpg 300w, https:\/\/www.freizeitanlage.at\/wp-content\/uploads\/2022\/02\/1722de43-6946-420f-97dd-8beb07d44911-768x373.jpg 768w, https:\/\/www.freizeitanlage.at\/wp-content\/uploads\/2022\/02\/1722de43-6946-420f-97dd-8beb07d44911-1536x746.jpg 1536w, https:\/\/www.freizeitanlage.at\/wp-content\/uploads\/2022\/02\/1722de43-6946-420f-97dd-8beb07d44911.jpg 1600w\" sizes=\"auto, (max-width: 1024px) 100vw, 1024px\" \/><\/figure>\n<\/figure>\n\n\n\n<figure class=\"wp-block-gallery has-nested-images columns-default is-cropped wp-block-gallery-2 is-layout-flex wp-block-gallery-is-layout-flex\">\n<figure class=\"wp-block-image size-large\"><img loading=\"lazy\" decoding=\"async\" width=\"1440\" height=\"1080\" data-id=\"1268\" src=\"https:\/\/www.freizeitanlage.at\/wp-content\/uploads\/2021\/09\/Bild-4.jpg\" alt=\"\" class=\"wp-image-1268\" srcset=\"https:\/\/www.freizeitanlage.at\/wp-content\/uploads\/2021\/09\/Bild-4.jpg 1440w, https:\/\/www.freizeitanlage.at\/wp-content\/uploads\/2021\/09\/Bild-4-300x225.jpg 300w, https:\/\/www.freizeitanlage.at\/wp-content\/uploads\/2021\/09\/Bild-4-1024x768.jpg 1024w, https:\/\/www.freizeitanlage.at\/wp-content\/uploads\/2021\/09\/Bild-4-768x576.jpg 768w\" sizes=\"auto, (max-width: 1440px) 100vw, 1440px\" \/><\/figure>\n\n\n\n<figure class=\"wp-block-image size-large\"><img loading=\"lazy\" decoding=\"async\" width=\"768\" height=\"1024\" data-id=\"1283\" src=\"https:\/\/www.freizeitanlage.at\/wp-content\/uploads\/2022\/02\/ca525a52-d40d-4cca-bbea-976ff1a01aba-768x1024.jpg\" alt=\"\" class=\"wp-image-1283\" srcset=\"https:\/\/www.freizeitanlage.at\/wp-content\/uploads\/2022\/02\/ca525a52-d40d-4cca-bbea-976ff1a01aba-768x1024.jpg 768w, https:\/\/www.freizeitanlage.at\/wp-content\/uploads\/2022\/02\/ca525a52-d40d-4cca-bbea-976ff1a01aba-225x300.jpg 225w, https:\/\/www.freizeitanlage.at\/wp-content\/uploads\/2022\/02\/ca525a52-d40d-4cca-bbea-976ff1a01aba-1152x1536.jpg 1152w, https:\/\/www.freizeitanlage.at\/wp-content\/uploads\/2022\/02\/ca525a52-d40d-4cca-bbea-976ff1a01aba.jpg 1200w\" sizes=\"auto, (max-width: 768px) 100vw, 768px\" \/><\/figure>\n\n\n\n<figure class=\"wp-block-image size-large\"><img loading=\"lazy\" decoding=\"async\" width=\"1024\" height=\"461\" data-id=\"1284\" src=\"https:\/\/www.freizeitanlage.at\/wp-content\/uploads\/2022\/02\/20210901_162155-1024x461.jpg\" alt=\"\" class=\"wp-image-1284\" srcset=\"https:\/\/www.freizeitanlage.at\/wp-content\/uploads\/2022\/02\/20210901_162155-1024x461.jpg 1024w, https:\/\/www.freizeitanlage.at\/wp-content\/uploads\/2022\/02\/20210901_162155-300x135.jpg 300w, https:\/\/www.freizeitanlage.at\/wp-content\/uploads\/2022\/02\/20210901_162155-768x346.jpg 768w, https:\/\/www.freizeitanlage.at\/wp-content\/uploads\/2022\/02\/20210901_162155-1536x692.jpg 1536w, https:\/\/www.freizeitanlage.at\/wp-content\/uploads\/2022\/02\/20210901_162155-2048x922.jpg 2048w\" sizes=\"auto, (max-width: 1024px) 100vw, 1024px\" \/><\/figure>\n<\/figure>\n\n\n\n<figure class=\"wp-block-gallery has-nested-images columns-default is-cropped wp-block-gallery-3 is-layout-flex wp-block-gallery-is-layout-flex\">\n<figure class=\"wp-block-image size-large\"><img loading=\"lazy\" decoding=\"async\" width=\"913\" height=\"800\" data-id=\"1287\" src=\"https:\/\/www.freizeitanlage.at\/wp-content\/uploads\/2022\/02\/20211203_095856-rotated.jpg\" alt=\"\" class=\"wp-image-1287\" srcset=\"https:\/\/www.freizeitanlage.at\/wp-content\/uploads\/2022\/02\/20211203_095856-rotated.jpg 913w, https:\/\/www.freizeitanlage.at\/wp-content\/uploads\/2022\/02\/20211203_095856-300x263.jpg 300w, https:\/\/www.freizeitanlage.at\/wp-content\/uploads\/2022\/02\/20211203_095856-768x673.jpg 768w\" sizes=\"auto, (max-width: 913px) 100vw, 913px\" \/><\/figure>\n\n\n\n<figure class=\"wp-block-image size-large\"><img loading=\"lazy\" decoding=\"async\" width=\"1332\" height=\"640\" data-id=\"1274\" src=\"https:\/\/www.freizeitanlage.at\/wp-content\/uploads\/2022\/02\/bild1.jpg\" alt=\"\" class=\"wp-image-1274\" srcset=\"https:\/\/www.freizeitanlage.at\/wp-content\/uploads\/2022\/02\/bild1.jpg 1332w, https:\/\/www.freizeitanlage.at\/wp-content\/uploads\/2022\/02\/bild1-300x144.jpg 300w, https:\/\/www.freizeitanlage.at\/wp-content\/uploads\/2022\/02\/bild1-1024x492.jpg 1024w, https:\/\/www.freizeitanlage.at\/wp-content\/uploads\/2022\/02\/bild1-768x369.jpg 768w\" sizes=\"auto, (max-width: 1332px) 100vw, 1332px\" \/><\/figure>\n\n\n\n<figure class=\"wp-block-image size-large\"><img loading=\"lazy\" decoding=\"async\" width=\"1024\" height=\"664\" data-id=\"1281\" src=\"https:\/\/www.freizeitanlage.at\/wp-content\/uploads\/2022\/02\/20210901_161552-1024x664.jpg\" alt=\"\" class=\"wp-image-1281\" srcset=\"https:\/\/www.freizeitanlage.at\/wp-content\/uploads\/2022\/02\/20210901_161552-1024x664.jpg 1024w, https:\/\/www.freizeitanlage.at\/wp-content\/uploads\/2022\/02\/20210901_161552-300x194.jpg 300w, https:\/\/www.freizeitanlage.at\/wp-content\/uploads\/2022\/02\/20210901_161552-768x498.jpg 768w, https:\/\/www.freizeitanlage.at\/wp-content\/uploads\/2022\/02\/20210901_161552-1536x996.jpg 1536w, https:\/\/www.freizeitanlage.at\/wp-content\/uploads\/2022\/02\/20210901_161552-2048x1328.jpg 2048w\" sizes=\"auto, (max-width: 1024px) 100vw, 1024px\" \/><\/figure>\n<\/figure>\n\n\n\n<figure class=\"wp-block-image size-full is-resized\"><img loading=\"lazy\" decoding=\"async\" width=\"294\" height=\"600\" src=\"https:\/\/www.freizeitanlage.at\/wp-content\/uploads\/2025\/07\/514350453_770147825584736_3492456265483534085_n-1.jpg\" alt=\"\" class=\"wp-image-1692\" style=\"width:264px;height:auto\" srcset=\"https:\/\/www.freizeitanlage.at\/wp-content\/uploads\/2025\/07\/514350453_770147825584736_3492456265483534085_n-1.jpg 294w, https:\/\/www.freizeitanlage.at\/wp-content\/uploads\/2025\/07\/514350453_770147825584736_3492456265483534085_n-1-147x300.jpg 147w\" sizes=\"auto, (max-width: 294px) 100vw, 294px\" \/><\/figure>\n","protected":false},"excerpt":{"rendered":"","protected":false},"author":1,"featured_media":0,"parent":0,"menu_order":0,"comment_status":"closed","ping_status":"closed","template":"","meta":{"footnotes":""},"class_list":["post-81","page","type-page","status-publish","hentry"],"_links":{"self":[{"href":"https:\/\/www.freizeitanlage.at\/index.php?rest_route=\/wp\/v2\/pages\/81","targetHints":{"allow":["GET"]}}],"collection":[{"href":"https:\/\/www.freizeitanlage.at\/index.php?rest_route=\/wp\/v2\/pages"}],"about":[{"href":"https:\/\/www.freizeitanlage.at\/index.php?rest_route=\/wp\/v2\/types\/page"}],"author":[{"embeddable":true,"href":"https:\/\/www.freizeitanlage.at\/index.php?rest_route=\/wp\/v2\/users\/1"}],"replies":[{"embeddable":true,"href":"https:\/\/www.freizeitanlage.at\/index.php?rest_route=%2Fwp%2Fv2%2Fcomments&post=81"}],"version-history":[{"count":36,"href":"https:\/\/www.freizeitanlage.at\/index.php?rest_route=\/wp\/v2\/pages\/81\/revisions"}],"predecessor-version":[{"id":1693,"href":"https:\/\/www.freizeitanlage.at\/index.php?rest_route=\/wp\/v2\/pages\/81\/revisions\/1693"}],"wp:attachment":[{"href":"https:\/\/www.freizeitanlage.at\/index.php?rest_route=%2Fwp%2Fv2%2Fmedia&parent=81"}],"curies":[{"name":"wp","href":"https:\/\/api.w.org\/{rel}","templated":true}]}}