{"id":80,"date":"2018-04-17T22:32:44","date_gmt":"2018-04-17T20:32:44","guid":{"rendered":"http:\/\/www.freizeitanlage.at\/?page_id=80"},"modified":"2025-04-26T10:23:21","modified_gmt":"2025-04-26T08:23:21","slug":"baden","status":"publish","type":"page","link":"https:\/\/www.freizeitanlage.at\/?page_id=80","title":{"rendered":"Schwimmen"},"content":{"rendered":"<p style=\"text-align: justify;\">Der St. Andr\u00e4er See wird zwischen Mai und Septembers mit seiner 25.000 m<sup>2<\/sup> gr0\u00dfen Schwimmfl\u00e4che und einer Wassertemperatur von bis zu 27 Grad von unz\u00e4hligen Badeg\u00e4sten zum Schwimmen und Relaxen genutzt. Neben einer gro\u00dfen Liegewiese, Badeinsel, Stegen, Sprungturm und einer\u00a0 Wasserrutsche verf\u00fcgt die Anlage f\u00fcr ihre kleinen G\u00e4ste zus\u00e4tzlich \u00fcber einen Nichtschwimmerbereich mit Sonnenschirmen, eine H\u00fcpfburg, Spielpl\u00e4tze und zwei Kinder-Wasserrutschen.\u00a0 Im n\u00f6rdlichen Bereich der Anlage k\u00f6nnen beim Kiosk (Eingang Nord) auch Stand-Up-Paddle ausgeborgt werden.\u00a0<\/p>\n\n\n<h2 class=\"wp-block-heading\">\u00dcbersicht Ausstattung<\/h2>\n\n\n\n<ul class=\"wp-block-list\">\n<li>25.000 m\u00b2 gro\u00dfer Badesee<\/li>\n\n\n\n<li>20.000 m\u00b2 Liegewiese rund um den See<\/li>\n\n\n\n<li>Schwimminsel<\/li>\n\n\n\n<li>Sprungturm -3m<\/li>\n\n\n\n<li>Wasserrutsche -42m<\/li>\n\n\n\n<li>3 Stege<\/li>\n\n\n\n<li>Kinderbereich mit Sonnensegel<\/li>\n\n\n\n<li>Nichtschwimmerzone -1,35m<\/li>\n\n\n\n<li>Mini-Wasserrutsche-1m<\/li>\n\n\n\n<li>Kinder-Wasserrutsche-2m<\/li>\n\n\n\n<li>Wasserspiel<\/li>\n\n\n\n<li>Sandkiste und Spielger\u00e4te<\/li>\n\n\n\n<li>Free W-Lan<\/li>\n\n\n\n<li>Calisthenics-Anlage<\/li>\n\n\n\n<li>Beachvolleyball-Anlage<\/li>\n\n\n\n<li>Strandbuffet mit SB-Bereich<\/li>\n\n\n\n<li>Sanit\u00e4ranlagen mit Warmwasserduschen<\/li>\n<\/ul>\n","protected":false},"excerpt":{"rendered":"","protected":false},"author":1,"featured_media":0,"parent":0,"menu_order":0,"comment_status":"closed","ping_status":"closed","template":"","meta":{"footnotes":""},"class_list":["post-80","page","type-page","status-publish","hentry"],"_links":{"self":[{"href":"https:\/\/www.freizeitanlage.at\/index.php?rest_route=\/wp\/v2\/pages\/80","targetHints":{"allow":["GET"]}}],"collection":[{"href":"https:\/\/www.freizeitanlage.at\/index.php?rest_route=\/wp\/v2\/pages"}],"about":[{"href":"https:\/\/www.freizeitanlage.at\/index.php?rest_route=\/wp\/v2\/types\/page"}],"author":[{"embeddable":true,"href":"https:\/\/www.freizeitanlage.at\/index.php?rest_route=\/wp\/v2\/users\/1"}],"replies":[{"embeddable":true,"href":"https:\/\/www.freizeitanlage.at\/index.php?rest_route=%2Fwp%2Fv2%2Fcomments&post=80"}],"version-history":[{"count":12,"href":"https:\/\/www.freizeitanlage.at\/index.php?rest_route=\/wp\/v2\/pages\/80\/revisions"}],"predecessor-version":[{"id":1645,"href":"https:\/\/www.freizeitanlage.at\/index.php?rest_route=\/wp\/v2\/pages\/80\/revisions\/1645"}],"wp:attachment":[{"href":"https:\/\/www.freizeitanlage.at\/index.php?rest_route=%2Fwp%2Fv2%2Fmedia&parent=80"}],"curies":[{"name":"wp","href":"https:\/\/api.w.org\/{rel}","templated":true}]}}