{"id":1475,"date":"2024-04-01T22:03:45","date_gmt":"2024-04-01T20:03:45","guid":{"rendered":"https:\/\/www.freizeitanlage.at\/?page_id=1475"},"modified":"2026-02-26T09:21:41","modified_gmt":"2026-02-26T08:21:41","slug":"stellplatz","status":"publish","type":"page","link":"https:\/\/www.freizeitanlage.at\/?page_id=1475","title":{"rendered":"Stellplatz"},"content":{"rendered":"\n<h2 class=\"wp-block-heading\">Stellpl\u00e4tze f\u00fcr Wohnmobile&nbsp;<\/h2>\n\n\n\n<p class=\"has-accent-color has-text-color has-link-color has-medium-font-size wp-elements-b6e1429c0a9714928ef4f93d093d1548\" style=\"font-style:normal;font-weight:500\"><\/p>\n\n\n\n<p>An der Nord-Westseite der Freizeitanlage St. Andr\u00e4er See laden 4 Stellpl\u00e4tze f\u00fcr Wohnmobile einige Tage zum Verweilen ein. Die Zufahrt erfolgt \u00fcber die Hauptzufahrt entlang der Lavant in Richtung Norden bis zu den gekennzeichneten Stellpl\u00e4tzen beim Eingang Nord. Es wird um Anmeldung an der Hauptkasse oder per Onlineformular gebeten.&nbsp;<\/p>\n\n\n\n<p>Von <strong>Oktober bis April <\/strong>stehen die Stellpl\u00e4tze f\u00fcr die \u00dcbernachtung kostenlos zur Vergn\u00fcgung. Der WC-Container bei den Stellpl\u00e4tzen ist geschlossen. Die WC- und Sanit\u00e4ranlagen im Hauptgeb\u00e4ude stehen nur eingeschr\u00e4nkt (Frostsicherheit) zur Verf\u00fcgung. <br>Ab&nbsp;<strong>M\u00e4rz<\/strong>&nbsp;besteht die M\u00f6glichkeit f\u00fcr einen Stromanschluss (max. 8 Amp) und die WC Nutzung im Hauptgeb\u00e4ude, daf\u00fcr werden werden pro Tag \u20ac 8,- eingehoben, <br><strong>Anmeldungen<\/strong>:<strong>&nbsp; <\/strong>Nur \u00fcber das Onlineformular &#8211; R\u00fcckmeldung nur bei Anmeldung mit einem Stromanschluss.<\/p>\n\n\n\n<p>Von <strong>Mai bis September <\/strong>betr\u00e4gt die Stellplatzgeb\u00fchr \u20ac 14,- pro Tag. Daf\u00fcr stehen die WC- und Sanit\u00e4ranlagen der Freizeitanlage sowie der&nbsp; WC-Container bei den Stellpl\u00e4tzen mit einer Chipkarte durchgehend zur Verf\u00fcgung, der Stromanschluss (max. 8 Amp.) und der t\u00e4gliche Badeeintritt sind ebenfalls inkludiert. <br><strong>Anmeldungen: <\/strong>Von 09:00 &#8211; 19:00 Uhr an der Hauptkasse. Von 19:00 &#8211; 09:00 Uhr \u00fcber das Onlineformular, R\u00fcckmeldung per Mail oder Telefon.<br><br><strong>Informationen:<\/strong> +43 4358 2710 77 (08.00 &#8211; 20.00 Uhr) oder <a href=\"mailto:stellplatz@freizeitanlage.at\">stellplatz@freizeitanlage.at<\/a><\/p>\n\n\n\n<figure class=\"wp-block-image\" id=\"block-2a379ad3-ffa1-40c9-a28b-8ee7a3577a6b\"><img decoding=\"async\" src=\"https:\/\/www.freizeitanlage.at\/wp-content\/uploads\/2020\/05\/SP-Plan-1024x693.jpg\" alt=\"Dieses Bild hat ein leeres Alt-Attribut. Der Dateiname ist SP-Plan-1024x693.jpg\"\/><figcaption class=\"wp-element-caption\">\u00dcbersichtskarte &#8211; Stellpl\u00e4tze Freizeitanlage St. Andr\u00e4er See<\/figcaption><\/figure>\n\n\n\n<h2 class=\"wp-block-heading\" id=\"block-3114d6dc-204f-498a-9bed-34002ba26a75\">\u00dcbersicht<\/h2>\n\n\n\n<ul id=\"block-0d33de30-ff4a-4f36-b8a6-10be5df69ba7\" class=\"wp-block-list\">\n<li><strong>Anzahl der Stellpl\u00e4tze:<\/strong>&nbsp;4 (nur f\u00fcr Wohnmobile).<\/li>\n\n\n\n<li><strong>Stellplatzlatzl\u00e4nge: <\/strong>9 Meter.<\/li>\n\n\n\n<li><strong>Untergrund:<\/strong> Rasengittersteine.<\/li>\n\n\n\n<li><strong>Stromanschluss:<\/strong>&nbsp;ja 8 Amp. &#8211; Freischaltung erforderlich.<\/li>\n\n\n\n<li><strong>Beleuchtung:<\/strong>&nbsp;nein.<\/li>\n\n\n\n<li><strong>Trinkwasser:<\/strong>&nbsp;ja &#8211; beim WC-Container (April-Oktober).<\/li>\n\n\n\n<li><strong>M\u00fcllentsorgung:<\/strong> ja &#8211; beim WC-Container (April-Oktober).<\/li>\n\n\n\n<li><strong>Tiere:<\/strong> nur au\u00dferhalb des Badebetriebes. Im Gel\u00e4nde besteht Leinenpflicht.<\/li>\n\n\n\n<li><strong>Gastst\u00e4tte:<\/strong>&nbsp;100 m entfernt &#8211; saisonbedingt ge\u00f6ffnet.<\/li>\n\n\n\n<li><strong>Einkaufen:<\/strong> 4 km entfernt &#8211; St. Andr\u00e4.<\/li>\n\n\n\n<li><strong>Geb\u00fchren Oktober bis April<\/strong>: kostenlos.<\/li>\n\n\n\n<li><strong>Geb\u00fchr M\u00e4rz: <\/strong>mit Strom und WC im Hauptgeb\u00e4ude m\u00f6glich &#8211; \u20ac 8,- pro Tag.<\/li>\n\n\n\n<li><strong>Geb\u00fchren Mai bis September<\/strong>: \u20ac 14,- pro Tag &#8211; inkl. Chipkarte f\u00fcr Strom, WC- und Sanit\u00e4ranlagen.<\/li>\n\n\n\n<li><strong>WC:<\/strong> bei den Stellpl\u00e4tzen und im Betriebsgeb\u00e4ude, von 19:00 bis 09:00 Uhr ist eine Chipkarte erforderlich.<\/li>\n\n\n\n<li><strong>Duschen:<\/strong> Im Betriebsgeb\u00e4ude, von 19:00 bis 09:00 Uhr ist eine Chipkarte erforderlich.<\/li>\n\n\n\n<li><strong>Getr\u00e4nke: <\/strong>Automaten beim Kiosk\/Eingang Nord &#8211; saisonbedingt ge\u00f6ffnet.<\/li>\n\n\n\n<li><strong>W-Lan:<\/strong> ja &#8211; kostenlos.<\/li>\n\n\n\n<li><strong>Entsorgung <\/strong><strong>Grauwasser (Brauchwasser):<\/strong>&nbsp;nein &#8211; kleinere Mengen in der WC-Anlage im Betriebsgeb\u00e4ude.<\/li>\n\n\n\n<li><strong>Entsorgung <\/strong><strong>Schwarzwasser (F\u00e4kalien):<\/strong>&nbsp;nein &#8211; kleinere Mengen in der WC-Anlage im Betriebsgeb\u00e4ude.<\/li>\n\n\n\n<li><strong>\u00dcbersicht<\/strong>: <a href=\"https:\/\/www.freizeitanlage.at\/?page_id=1068\"><strong>\u00fcber die reservierten und belegten Stellpl\u00e4tze<\/strong><\/a><a href=\"https:\/\/www.freizeitanlage.at\/?page_id=1068\" target=\"_blank\" rel=\"noreferrer noopener\"><strong>.<\/strong><\/a><\/li>\n<\/ul>\n\n\n\n<h3 class=\"wp-block-heading\"><em><strong>Hier kann der Stellplatz ONLINE angemeldet oder reserviert werden<\/strong><\/em><\/h3>\n\n\n\n<p id=\"block-ab442f98-8264-41af-9b4d-74bbb6b0f5c4\"><\/p>\n\n\n\n<figure class=\"wp-block-table\"><table class=\"has-fixed-layout\"><tbody><tr><td><br><div id=\"multi-step-form\" class=\"fw-wizard fw-no-progressbar\" data-stepCount=\"1\" data-wizardid=\"2\">\n    <div class=\"fw-wizard-step-header-container\">\n        <div class=\"fw-container\" data-redirect=\"https:\/\/www.freizeitanlage.at\/?page_id=1478\">\n                <div class=\"fw-wizard-step-header\" data-stepId=\"0\">\n            <span class=\"msf-h2\"><\/span>\n            <p class=\"fw-copytext\">Mit dieser Online-Anmeldung kann auch ein Stellplatz reserviert werden. Von April bis September melden wir uns f\u00fcr per Mail f\u00fcr eine verbindliche Zusage des Stellplatzes. Reservierungen sind in der \u00dcbersicht ersichtlich.<\/p>\n        <\/div>\n                <\/div>\n    <\/div>\n    <div class=\"fw-progress-bar-container  fw-hide-progress-bar\">\n        <div class=\"fw-container\">\n    <div class=\"fw-progress-wrap\">\n    <ul class=\"fw-progress-bar\"\n        data-activecolor=\"#1d7071\"\n        data-donecolor=\"#43a047\"\n        data-nextcolor=\"#aaa\"\n        data-buttoncolor=\"#1d7071\">\n                <li class=\"fw-progress-step\"\n            data-id=\"0\">\n            <span class=\"fw-progress-bar-bar\"><\/span>\n            <span class=\"fw-txt-ellipsis\" data-title=\"Stellplatzanmeldung\">Stellplatzanmeldung<\/span>\n                    <\/li>\n                <\/ul>\n<\/div>\n        <\/div>\n    <\/div>\n    <div class=\"fw-wizard-step-container\">\n        <div class=\"fw-container\">\n                    <div class=\"fw-wizard-step\" data-stepId=\"0\">\n                <div class=\"fw-step-part  fw-plain-layout\" data-partId=\"0\">\n\t<span class=\"fw-step-part-title \">\n\t\t\tOnline Anmeldung\t<\/span>\n\t<div class=\"fw-clearfix\"><\/div>\n\t<div class=\"fw-step-part-body\">\n\t\t\t\t\t\t\t\t\t<div class=\"fw-step-block\" data-blockId=\"2\" data-type=\"fw-text\" data-required=\"true\">\n\t\t\t<div class=\"fw-input-container\">\n\t\t\t\t<label for=\"msf-text-name\"><span class=\"msf-h3\">Name<\/span><\/label>\n\t\t\t\t<input \n\t\t\t\t\ttype=\"text\" \n\t\t\t\t\tclass=\"fw-text-input\" \n\t\t\t\t\tid=\"msf-text-name\"\n\t\t\t\t\tdata-id=\"text\">\n\t\t\t\t<span class=\"fa fa-pencil form-control-feedback\" aria-hidden=\"true\"><\/span>\n\t\t\t<\/div>\n\t\t\t<div class=\"fw-clearfix\"><\/div>\n\t\t<\/div>\n\t\t\t\t\t\t\t\t\t\t\t<div class=\"fw-step-block\" data-blockId=\"2\" data-type=\"fw-email\" data-required=\"true\">\n\t\t\t<div class=\"fw-input-container\">\n\t\t\t\t<label for=\"msf-mail-e-mail\"><span class=\"msf-h3\">E-Mail<\/span><\/label>\n\t\t\t\t<input type=\"text\" id=\"msf-mail-e-mail\"  class=\"fw-text-input one\" data-id=\"email\">\n\t\t\t\t<span class=\"fa fa-envelope form-control-feedback\" aria-hidden=\"true\"><\/span>\n\t\t\t<\/div>\n\t\t\t\t\t\t<div class=\"fw-clearfix\"><\/div>\n\t\t<\/div>\n\t  \t\t\t\t\t\t\t\t\t<div class=\"fw-step-block\" data-blockId=\"2\" data-type=\"fw-text\" data-required=\"true\">\n\t\t\t<div class=\"fw-input-container\">\n\t\t\t\t<label for=\"msf-text-telefonnummer\"><span class=\"msf-h3\">Telefonnummer<\/span><\/label>\n\t\t\t\t<input \n\t\t\t\t\ttype=\"text\" \n\t\t\t\t\tclass=\"fw-text-input\" \n\t\t\t\t\tid=\"msf-text-telefonnummer\"\n\t\t\t\t\tdata-id=\"text\">\n\t\t\t\t<span class=\"fa fa-pencil form-control-feedback\" aria-hidden=\"true\"><\/span>\n\t\t\t<\/div>\n\t\t\t<div class=\"fw-clearfix\"><\/div>\n\t\t<\/div>\n\t\t\t\t\t\t\t\t\t\t\t<div class=\"fw-step-block\" data-blockId=\"2\" data-type=\"fw-text\" data-required=\"true\">\n\t\t\t<div class=\"fw-input-container\">\n\t\t\t\t<label for=\"msf-text-kennzeichen\"><span class=\"msf-h3\">Kennzeichen<\/span><\/label>\n\t\t\t\t<input \n\t\t\t\t\ttype=\"text\" \n\t\t\t\t\tclass=\"fw-text-input\" \n\t\t\t\t\tid=\"msf-text-kennzeichen\"\n\t\t\t\t\tdata-id=\"text\">\n\t\t\t\t<span class=\"fa fa-pencil form-control-feedback\" aria-hidden=\"true\"><\/span>\n\t\t\t<\/div>\n\t\t\t<div class=\"fw-clearfix\"><\/div>\n\t\t<\/div>\n\t\t\t\t\t\t\t\t\t\t\t<div class=\"fw-step-block\" data-blockId=\"2\" data-type=\"fw-radio\" data-required=\"false\">\n\t\t\t\t\t\t\t\t<span class=\"msf-h3\">Stellplatz 1- 4 mit Stromanschluss oder am restlichen Parkplatz ohne Strom<\/span>\n\t\t\t\t\t<br>\n\t\t\t\t\t\t\t\t\t\t<span class=\"fw-choice fw-radio-row\">\n\t\t\t\t\t\t<input id=\"fw-2-0-0-4-1\" type=\"radio\" name=\"fw-2-0-0-4\" class=\"fw-radio\" data-id=\"1\">\n\t\t\t\t\t\t<label for=\"fw-2-0-0-4-1\" data-labelId=\"1\">Stellplatz 1 - mit Stromanschluss<\/label>\n\t\t\t\t\t<\/span>\n\t\t\t\t\t\t\t\t\t\t<span class=\"fw-choice fw-radio-row\">\n\t\t\t\t\t\t<input id=\"fw-2-0-0-4-2\" type=\"radio\" name=\"fw-2-0-0-4\" class=\"fw-radio\" data-id=\"2\">\n\t\t\t\t\t\t<label for=\"fw-2-0-0-4-2\" data-labelId=\"2\">Stellplatz 2 - mit Stromanschluss<\/label>\n\t\t\t\t\t<\/span>\n\t\t\t\t\t\t\t\t\t\t<span class=\"fw-choice fw-radio-row\">\n\t\t\t\t\t\t<input id=\"fw-2-0-0-4-3\" type=\"radio\" name=\"fw-2-0-0-4\" class=\"fw-radio\" data-id=\"3\">\n\t\t\t\t\t\t<label for=\"fw-2-0-0-4-3\" data-labelId=\"3\">Stellplatz 3 - mit Stromanschluss<\/label>\n\t\t\t\t\t<\/span>\n\t\t\t\t\t\t\t\t\t\t<span class=\"fw-choice fw-radio-row\">\n\t\t\t\t\t\t<input id=\"fw-2-0-0-4-4\" type=\"radio\" name=\"fw-2-0-0-4\" class=\"fw-radio\" data-id=\"4\">\n\t\t\t\t\t\t<label for=\"fw-2-0-0-4-4\" data-labelId=\"4\">Stellplatz 4 - mit Stromanschluss<\/label>\n\t\t\t\t\t<\/span>\n\t\t\t\t\t\t\t\t\t\t<span class=\"fw-choice fw-radio-row\">\n\t\t\t\t\t\t<input id=\"fw-2-0-0-4-5\" type=\"radio\" name=\"fw-2-0-0-4\" class=\"fw-radio\" data-id=\"5\">\n\t\t\t\t\t\t<label for=\"fw-2-0-0-4-5\" data-labelId=\"5\">Parkplatz ohne Strom - nicht Stellpl\u00e4tze 1- 4<\/label>\n\t\t\t\t\t<\/span>\n\t\t\t\t\t\t\t<\/div>\n\t\t\t\t\t\t\t\t\t\t\t<div class=\"fw-step-block\" data-blockId=\"2\" data-type=\"fw-date\" data-required=\"true\">\n\t\t\t<div class=\"fw-input-container\">\n\t\t\t\t<label for=\"msf-date-anreisedatum\"><span class=\"msf-h3\">Anreisedatum<\/span><\/label>\n\t\t\t\t<input type=\"text\" id=\"msf-date-anreisedatum\"  class=\"fw-text-input fw-datepicker-here\" data-id=\"date\" data-language=\"de\" data-dateformat=\"dd-mm-yy\">\n\t\t\t\t<span class=\"fa fa-calendar form-control-feedback\" aria-hidden=\"true\"><\/span>\n\t\t\t<\/div>\n\t\t\t<div class=\"fw-clearfix\"><\/div>\n\t\t<\/div>\n\t\t\t\t\t\t\t\t\t\t\t<div class=\"fw-step-block\" data-blockId=\"2\" data-type=\"fw-date\" data-required=\"true\">\n\t\t\t<div class=\"fw-input-container\">\n\t\t\t\t<label for=\"msf-date-abreisedatum\"><span class=\"msf-h3\">Abreisedatum<\/span><\/label>\n\t\t\t\t<input type=\"text\" id=\"msf-date-abreisedatum\"  class=\"fw-text-input fw-datepicker-here\" data-id=\"date\" data-language=\"de\" data-dateformat=\"dd-mm-yy\">\n\t\t\t\t<span class=\"fa fa-calendar form-control-feedback\" aria-hidden=\"true\"><\/span>\n\t\t\t<\/div>\n\t\t\t<div class=\"fw-clearfix\"><\/div>\n\t\t<\/div>\n\t\t\t\t\t\t\t\t\t\t\t<div class=\"fw-step-block\" data-blockId=\"2\" data-type=\"fw-text\" data-required=\"false\">\n\t\t\t<div class=\"fw-input-container\">\n\t\t\t\t<label for=\"msf-text-ihre-frage-an-uns\"><span class=\"msf-h3\">Ihre Frage an uns<\/span><\/label>\n\t\t\t\t<input \n\t\t\t\t\ttype=\"text\" \n\t\t\t\t\tclass=\"fw-text-input\" \n\t\t\t\t\tid=\"msf-text-ihre-frage-an-uns\"\n\t\t\t\t\tdata-id=\"text\">\n\t\t\t\t<span class=\"fa fa-pencil form-control-feedback\" aria-hidden=\"true\"><\/span>\n\t\t\t<\/div>\n\t\t\t<div class=\"fw-clearfix\"><\/div>\n\t\t<\/div>\n\t\t\t\t\t\t\t\t\t\t\t<div class=\"fw-step-block\" data-blockId=\"2\" data-type=\"fw-radio\" data-required=\"true\">\n\t\t\t\t\t\t\t\t<span class=\"msf-h3\">Einwilligung in die Datenverarbeitung<\/span>\n\t\t\t\t\t<br>\n\t\t\t\t\t\t\t\t\t\t<span class=\"fw-choice fw-radio-row\">\n\t\t\t\t\t\t<input id=\"fw-2-0-0-8-1\" type=\"radio\" name=\"fw-2-0-0-8\" class=\"fw-radio\" data-id=\"1\">\n\t\t\t\t\t\t<label for=\"fw-2-0-0-8-1\" data-labelId=\"1\">Ich stimme zu, dass die Freizeitanlage St. Andr\u00e4er See meine angegebenen personenbezogenen Daten f\u00fcr die Reservierung eines Stellplatzes verwendet. Mir ist bewusst, dass diese Einwilligung freiwillig erfolgt und diese jederzeit von mir per Telefon oder E\u2010Mail widerrufen werden kann.<\/label>\n\t\t\t\t\t<\/span>\n\t\t\t\t\t\t\t<\/div>\n\t\t\t\t\t\t<\/div>\n<\/div>\n\t\t\t                    <button type=\"button\" class=\"fw-btn-submit\">Absenden<\/button>\n                                <div class=\"fw-clearfix\"><\/div>\n            <\/div>\n                    <\/div>\n    <\/div>\n        <div class=\"fw-alert-user\" style=\"display:none;\"><\/div>\n<\/div>\n<\/td><\/tr><\/tbody><\/table><\/figure>\n\n\n\n<p id=\"block-ab442f98-8264-41af-9b4d-74bbb6b0f5c4\"><\/p>\n\n\n\n<p id=\"block-eb45d82b-e9bd-4e92-a6a6-a3c1f0c06a80\">&nbsp;<\/p>\n\n\n\n<p id=\"block-0822cba7-0a1e-4c48-9128-7ddb2d0fd824\">&nbsp;<\/p>\n\n\n\n<p><\/p>\n","protected":false},"excerpt":{"rendered":"","protected":false},"author":2,"featured_media":0,"parent":0,"menu_order":0,"comment_status":"closed","ping_status":"closed","template":"","meta":{"footnotes":""},"class_list":["post-1475","page","type-page","status-publish","hentry"],"_links":{"self":[{"href":"https:\/\/www.freizeitanlage.at\/index.php?rest_route=\/wp\/v2\/pages\/1475","targetHints":{"allow":["GET"]}}],"collection":[{"href":"https:\/\/www.freizeitanlage.at\/index.php?rest_route=\/wp\/v2\/pages"}],"about":[{"href":"https:\/\/www.freizeitanlage.at\/index.php?rest_route=\/wp\/v2\/types\/page"}],"author":[{"embeddable":true,"href":"https:\/\/www.freizeitanlage.at\/index.php?rest_route=\/wp\/v2\/users\/2"}],"replies":[{"embeddable":true,"href":"https:\/\/www.freizeitanlage.at\/index.php?rest_route=%2Fwp%2Fv2%2Fcomments&post=1475"}],"version-history":[{"count":23,"href":"https:\/\/www.freizeitanlage.at\/index.php?rest_route=\/wp\/v2\/pages\/1475\/revisions"}],"predecessor-version":[{"id":1804,"href":"https:\/\/www.freizeitanlage.at\/index.php?rest_route=\/wp\/v2\/pages\/1475\/revisions\/1804"}],"wp:attachment":[{"href":"https:\/\/www.freizeitanlage.at\/index.php?rest_route=%2Fwp%2Fv2%2Fmedia&parent=1475"}],"curies":[{"name":"wp","href":"https:\/\/api.w.org\/{rel}","templated":true}]}}