{"id":1068,"date":"2021-09-06T14:56:43","date_gmt":"2021-09-06T12:56:43","guid":{"rendered":"https:\/\/www.freizeitanlage.at\/?page_id=1068"},"modified":"2025-09-04T12:13:48","modified_gmt":"2025-09-04T10:13:48","slug":"reservierte-stellplaetze","status":"publish","type":"page","link":"https:\/\/www.freizeitanlage.at\/?page_id=1068","title":{"rendered":"Reservierte und belegte Stellpl\u00e4tze"},"content":{"rendered":"\n<p>Die insgesamt 4 Stellpl\u00e4tze ist am Anreisetag ab 13:00 Uhr verf\u00fcgbar und sollten am Abreisetag bis 12:00 Uhr ger\u00e4umt sein. F\u00fcr die Richtigkeit der Eintragungen wird keine Haftung \u00fcbernommen.<\/p>\n\n\n\n<p><\/p>\n\n\n\n<iframe loading=\"lazy\" src=\"https:\/\/calendar.google.com\/calendar\/embed?height=850&#038;wkst=2&#038;bgcolor=%23ffffff&#038;ctz=Europe%2FVienna&#038;showTz=0&#038;showCalendars=0&#038;showPrint=0&#038;showNav=1&#038;showTitle=0&#038;showDate=1&#038;showTabs=0&#038;src=M21jaGo1bmV2Njc1NnA5NWtsZXVxYnRzdmtAZ3JvdXAuY2FsZW5kYXIuZ29vZ2xlLmNvbQ&#038;color=%233F51B5\" style=\"border-width:0\" width=\"800\" height=\"1000\" frameborder=\"0\" scrolling=\"no\"><\/iframe>\n\n\n\n<p><\/p>\n","protected":false},"excerpt":{"rendered":"","protected":false},"author":2,"featured_media":0,"parent":190,"menu_order":1,"comment_status":"closed","ping_status":"closed","template":"","meta":{"footnotes":""},"class_list":["post-1068","page","type-page","status-publish","hentry"],"_links":{"self":[{"href":"https:\/\/www.freizeitanlage.at\/index.php?rest_route=\/wp\/v2\/pages\/1068","targetHints":{"allow":["GET"]}}],"collection":[{"href":"https:\/\/www.freizeitanlage.at\/index.php?rest_route=\/wp\/v2\/pages"}],"about":[{"href":"https:\/\/www.freizeitanlage.at\/index.php?rest_route=\/wp\/v2\/types\/page"}],"author":[{"embeddable":true,"href":"https:\/\/www.freizeitanlage.at\/index.php?rest_route=\/wp\/v2\/users\/2"}],"replies":[{"embeddable":true,"href":"https:\/\/www.freizeitanlage.at\/index.php?rest_route=%2Fwp%2Fv2%2Fcomments&post=1068"}],"version-history":[{"count":19,"href":"https:\/\/www.freizeitanlage.at\/index.php?rest_route=\/wp\/v2\/pages\/1068\/revisions"}],"predecessor-version":[{"id":1710,"href":"https:\/\/www.freizeitanlage.at\/index.php?rest_route=\/wp\/v2\/pages\/1068\/revisions\/1710"}],"up":[{"embeddable":true,"href":"https:\/\/www.freizeitanlage.at\/index.php?rest_route=\/wp\/v2\/pages\/190"}],"wp:attachment":[{"href":"https:\/\/www.freizeitanlage.at\/index.php?rest_route=%2Fwp%2Fv2%2Fmedia&parent=1068"}],"curies":[{"name":"wp","href":"https:\/\/api.w.org\/{rel}","templated":true}]}}